{"id":40,"date":"2020-04-11T18:52:17","date_gmt":"2020-04-11T18:52:17","guid":{"rendered":"https:\/\/aguaspiedade.com.br\/?page_id=40"},"modified":"2024-10-24T16:51:27","modified_gmt":"2024-10-24T19:51:27","slug":"contact-us","status":"publish","type":"page","link":"https:\/\/aguaspiedade.com.br\/?page_id=40","title":{"rendered":"Fale Conosco"},"content":{"rendered":"\t\t<div data-elementor-type=\"wp-page\" data-elementor-id=\"40\" class=\"elementor elementor-40\">\n\t\t\t\t\t\t<section class=\"elementor-section elementor-top-section elementor-element elementor-element-132dbd0 elementor-section-boxed elementor-section-height-default elementor-section-height-default\" data-id=\"132dbd0\" data-element_type=\"section\" data-settings=\"{&quot;_ha_eqh_enable&quot;:false}\">\n\t\t\t\t\t\t<div class=\"elementor-container elementor-column-gap-default\">\n\t\t\t\t\t<div class=\"elementor-column elementor-col-50 elementor-top-column elementor-element elementor-element-64d74a4\" data-id=\"64d74a4\" data-element_type=\"column\" data-settings=\"{&quot;background_background&quot;:&quot;classic&quot;}\">\n\t\t\t<div class=\"elementor-widget-wrap elementor-element-populated\">\n\t\t\t\t\t\t<div class=\"elementor-element elementor-element-0f51984 ha-has-bg-overlay elementor-widget elementor-widget-contact-info\" data-id=\"0f51984\" data-element_type=\"widget\" data-widget_type=\"contact-info.default\">\n\t\t\t\t<div class=\"elementor-widget-container\">\n\t\t\t\t\t<div class=\"contact-info\">\n\t\t\t<div class=\"contact-info-inner\">\n\t\t\t\t\t\t\t\t\n\t\t\t\t<div class=\"contact-info-section\" style=\"background-image:url(https:\/\/aguaspiedade.com.br\/wp-content\/themes\/industroz\/assets\/images\/bg-map2.png);\">  \n\t\t\t\t\t\t\t\t\t\t\t<div class=\"wt-icon-box-wraper left m-b30\">\n\n\t\t\t\t\t\t\t<div class=\"icon-content\">\n\t\t\t\t\t\t\t\t<h3 class=\"m-t0 text-white\">Telefone<\/h3>\n\t\t\t\t\t\t\t\t<p>(21) 96412 - 3681<\/p>\t\t\t\t\t\t\t<\/div>\n\t\t\t\t\t\t<\/div>\n\t\t\t\t\t\t\t\t\t\t\t\t<div class=\"wt-icon-box-wraper left m-b30\">\n\n\t\t\t\t\t\t\t<div class=\"icon-content\">\n\t\t\t\t\t\t\t\t<h3 class=\"m-t0 text-white\">Email<\/h3>\n\t\t\t\t\t\t\t\t<p>transp.transpiedade@gmail.com<\/p>\t\t\t\t\t\t\t<\/div>\n\t\t\t\t\t\t<\/div>\n\t\t\t\t\t\t\t\t\t\t\t\t<div class=\"wt-icon-box-wraper left m-b30\">\n\n\t\t\t\t\t\t\t<div class=\"icon-content\">\n\t\t\t\t\t\t\t\t<h3 class=\"m-t0 text-white\">Localiza\u00e7\u00e3o<\/h3>\n\t\t\t\t\t\t\t\t<p>\u00a0Rua Piau\u00ed 112 - S\u00e3o Jo\u00e3o de Meriti - RJ<\/p>\t\t\t\t\t\t\t<\/div>\n\t\t\t\t\t\t<\/div>\n\t\t\t\t\t\t\t\t\t\t\t\t<div class=\"wt-icon-box-wraper left \">\n\n\t\t\t\t\t\t\t<div class=\"icon-content\">\n\t\t\t\t\t\t\t\t<h3 class=\"m-t0 text-white\">Hor\u00e1rio de Funcionamento<\/h3>\n\t\t\t\t\t\t\t\t<p><strong>ATENDIMENTO 24 HORAS<\/strong><\/p>\t\t\t\t\t\t\t<\/div>\n\t\t\t\t\t\t<\/div>\n\t\t\t\t\t\t\t\t\t\t<\/div>\n\t\t\t<\/div>\n\t\t<\/div>\n\t\t\t\t<\/div>\n\t\t\t\t<\/div>\n\t\t\t\t\t<\/div>\n\t\t<\/div>\n\t\t\t\t<div class=\"elementor-column elementor-col-50 elementor-top-column elementor-element elementor-element-8965759\" data-id=\"8965759\" data-element_type=\"column\">\n\t\t\t<div class=\"elementor-widget-wrap elementor-element-populated\">\n\t\t\t\t\t\t<div class=\"elementor-element elementor-element-8a95ce2 elementor-widget elementor-widget-google_maps\" data-id=\"8a95ce2\" data-element_type=\"widget\" data-widget_type=\"google_maps.default\">\n\t\t\t\t<div class=\"elementor-widget-container\">\n\t\t\t\t\t<div class=\"elementor-custom-embed\">\n\t\t\t<iframe loading=\"lazy\"\n\t\t\t\t\tsrc=\"https:\/\/maps.google.com\/maps?q=%20Rua%20Piau%C3%AD%20112%20-%20Sao%20Jo%C3%A3o%20de%20Meriti&#038;t=m&#038;z=15&#038;output=embed&#038;iwloc=near\"\n\t\t\t\t\ttitle=\" Rua Piau\u00ed 112 - Sao Jo\u00e3o de Meriti\"\n\t\t\t\t\taria-label=\" Rua Piau\u00ed 112 - Sao Jo\u00e3o de Meriti\"\n\t\t\t><\/iframe>\n\t\t<\/div>\n\t\t\t\t<\/div>\n\t\t\t\t<\/div>\n\t\t\t\t\t<\/div>\n\t\t<\/div>\n\t\t\t\t\t<\/div>\n\t\t<\/section>\n\t\t\t\t<\/div>\n\t\t","protected":false},"excerpt":{"rendered":"<p>Telefone (21) 96412 &#8211; 3681 Email transp.transpiedade@gmail.com Localiza\u00e7\u00e3o \u00a0Rua Piau\u00ed 112 &#8211; S\u00e3o Jo\u00e3o de Meriti &#8211; RJ Hor\u00e1rio de Funcionamento ATENDIMENTO 24 HORAS<\/p>\n","protected":false},"author":1,"featured_media":0,"parent":0,"menu_order":0,"comment_status":"closed","ping_status":"closed","template":"","meta":{"footnotes":""},"class_list":["post-40","page","type-page","status-publish","hentry"],"acf":[],"_links":{"self":[{"href":"https:\/\/aguaspiedade.com.br\/index.php?rest_route=\/wp\/v2\/pages\/40"}],"collection":[{"href":"https:\/\/aguaspiedade.com.br\/index.php?rest_route=\/wp\/v2\/pages"}],"about":[{"href":"https:\/\/aguaspiedade.com.br\/index.php?rest_route=\/wp\/v2\/types\/page"}],"author":[{"embeddable":true,"href":"https:\/\/aguaspiedade.com.br\/index.php?rest_route=\/wp\/v2\/users\/1"}],"replies":[{"embeddable":true,"href":"https:\/\/aguaspiedade.com.br\/index.php?rest_route=%2Fwp%2Fv2%2Fcomments&post=40"}],"version-history":[{"count":29,"href":"https:\/\/aguaspiedade.com.br\/index.php?rest_route=\/wp\/v2\/pages\/40\/revisions"}],"predecessor-version":[{"id":1240,"href":"https:\/\/aguaspiedade.com.br\/index.php?rest_route=\/wp\/v2\/pages\/40\/revisions\/1240"}],"wp:attachment":[{"href":"https:\/\/aguaspiedade.com.br\/index.php?rest_route=%2Fwp%2Fv2%2Fmedia&parent=40"}],"curies":[{"name":"wp","href":"https:\/\/api.w.org\/{rel}","templated":true}]}}